{"id":9614,"date":"2024-03-13T12:59:16","date_gmt":"2024-03-13T11:59:16","guid":{"rendered":"https:\/\/iconcept.rs\/ekotrgovina\/index.php\/proizvod\/sutter-sf-210-odmascivac-za-otklanjanje-zagorele-masnoce-5-kg\/"},"modified":"2024-03-26T07:47:24","modified_gmt":"2024-03-26T06:47:24","slug":"sutter-sf-210-odmascivac-za-otklanjanje-zagorele-masnoce-5-kg","status":"publish","type":"product","link":"https:\/\/iconcept.rs\/ekotrgovina\/proizvod\/sutter-sf-210-odmascivac-za-otklanjanje-zagorele-masnoce-5-kg\/","title":{"rendered":"Sutter SF 210 odma\u0161\u0107iva\u010d za otklanjanje zagorele masno\u0107e 5 kg"},"content":{"rendered":"<p>Sredstvo za odma\u0161\u0107ivanje rerne i ro\u0161tilje, odstranjuje organske, mineralne i \u017eivotinjske masno\u0107e.<\/p>\n","protected":false},"excerpt":{"rendered":"<p>Sredstvo za odma\u0161\u0107ivanje rerne i ro\u0161tilje, odstranjuje organske, mineralne i \u017eivotinjske masno\u0107e.<\/p>\n","protected":false},"featured_media":9949,"comment_status":"open","ping_status":"open","template":"","meta":[],"product_cat":[373,369],"product_tag":[],"class_list":["post-9614","product","type-product","status-publish","has-post-thumbnail","hentry","product_cat-sredstva-za-odmascivanje","product_cat-sredstva-za-odrzavanje-higijene"],"_links":{"self":[{"href":"https:\/\/iconcept.rs\/ekotrgovina\/wp-json\/wp\/v2\/product\/9614","targetHints":{"allow":["GET"]}}],"collection":[{"href":"https:\/\/iconcept.rs\/ekotrgovina\/wp-json\/wp\/v2\/product"}],"about":[{"href":"https:\/\/iconcept.rs\/ekotrgovina\/wp-json\/wp\/v2\/types\/product"}],"replies":[{"embeddable":true,"href":"https:\/\/iconcept.rs\/ekotrgovina\/wp-json\/wp\/v2\/comments?post=9614"}],"wp:featuredmedia":[{"embeddable":true,"href":"https:\/\/iconcept.rs\/ekotrgovina\/wp-json\/wp\/v2\/media\/9949"}],"wp:attachment":[{"href":"https:\/\/iconcept.rs\/ekotrgovina\/wp-json\/wp\/v2\/media?parent=9614"}],"wp:term":[{"taxonomy":"product_cat","embeddable":true,"href":"https:\/\/iconcept.rs\/ekotrgovina\/wp-json\/wp\/v2\/product_cat?post=9614"},{"taxonomy":"product_tag","embeddable":true,"href":"https:\/\/iconcept.rs\/ekotrgovina\/wp-json\/wp\/v2\/product_tag?post=9614"}],"curies":[{"name":"wp","href":"https:\/\/api.w.org\/{rel}","templated":true}]}}