{"id":9574,"date":"2024-03-13T12:59:11","date_gmt":"2024-03-13T11:59:11","guid":{"rendered":"https:\/\/iconcept.rs\/ekotrgovina\/index.php\/proizvod\/greven-creme-c-100ml-krema-za-zastitu-koze-posle-rada\/"},"modified":"2024-03-26T07:47:18","modified_gmt":"2024-03-26T06:47:18","slug":"greven-creme-c-100ml-krema-za-zastitu-koze-posle-rada","status":"publish","type":"product","link":"https:\/\/iconcept.rs\/ekotrgovina\/proizvod\/greven-creme-c-100ml-krema-za-zastitu-koze-posle-rada\/","title":{"rendered":"Greven CREME C 100ml. \u2013 Krema za za\u0161titu ko\u017ee posle rada"},"content":{"rendered":"<p>Greven CREME C je krema namenjena za ekstremno suvu i o\u0161te\u0107enu ko\u017eu. Mo\u017ee se koristiti i kao krema za lice.<\/p>\n","protected":false},"excerpt":{"rendered":"<p>Greven CREME C je krema namenjena za ekstremno suvu i o\u0161te\u0107enu ko\u017eu. Mo\u017ee se koristiti i kao krema za lice.<\/p>\n","protected":false},"featured_media":9909,"comment_status":"open","ping_status":"open","template":"","meta":[],"product_cat":[369,379],"product_tag":[],"class_list":["post-9574","product","type-product","status-publish","has-post-thumbnail","hentry","product_cat-sredstva-za-odrzavanje-higijene","product_cat-sredstva-za-zastitu-koze-ruku"],"_links":{"self":[{"href":"https:\/\/iconcept.rs\/ekotrgovina\/wp-json\/wp\/v2\/product\/9574","targetHints":{"allow":["GET"]}}],"collection":[{"href":"https:\/\/iconcept.rs\/ekotrgovina\/wp-json\/wp\/v2\/product"}],"about":[{"href":"https:\/\/iconcept.rs\/ekotrgovina\/wp-json\/wp\/v2\/types\/product"}],"replies":[{"embeddable":true,"href":"https:\/\/iconcept.rs\/ekotrgovina\/wp-json\/wp\/v2\/comments?post=9574"}],"wp:featuredmedia":[{"embeddable":true,"href":"https:\/\/iconcept.rs\/ekotrgovina\/wp-json\/wp\/v2\/media\/9909"}],"wp:attachment":[{"href":"https:\/\/iconcept.rs\/ekotrgovina\/wp-json\/wp\/v2\/media?parent=9574"}],"wp:term":[{"taxonomy":"product_cat","embeddable":true,"href":"https:\/\/iconcept.rs\/ekotrgovina\/wp-json\/wp\/v2\/product_cat?post=9574"},{"taxonomy":"product_tag","embeddable":true,"href":"https:\/\/iconcept.rs\/ekotrgovina\/wp-json\/wp\/v2\/product_tag?post=9574"}],"curies":[{"name":"wp","href":"https:\/\/api.w.org\/{rel}","templated":true}]}}