{"id":9546,"date":"2024-03-13T12:59:08","date_gmt":"2024-03-13T11:59:08","guid":{"rendered":"https:\/\/iconcept.rs\/ekotrgovina\/index.php\/proizvod\/axel-kal-750ml-refill\/"},"modified":"2024-03-26T07:47:14","modified_gmt":"2024-03-26T06:47:14","slug":"axel-kal-750ml-refill","status":"publish","type":"product","link":"https:\/\/iconcept.rs\/ekotrgovina\/proizvod\/axel-kal-750ml-refill\/","title":{"rendered":"AXEL Kal 750ml \u2013 refill"},"content":{"rendered":"<p>AXEL KAL je idealan za \u010dis\u010denje povr\u0161ina od ner\u0111aju\u010deg \u010delika, aluminijuma, keramike, stakla, plastike.<\/p>\n","protected":false},"excerpt":{"rendered":"<p>AXEL KAL je idealan za \u010dis\u010denje povr\u0161ina od ner\u0111aju\u010deg \u010delika, aluminijuma, keramike, stakla, plastike.<\/p>\n","protected":false},"featured_media":9881,"comment_status":"open","ping_status":"open","template":"","meta":[],"product_cat":[370,369],"product_tag":[],"class_list":["post-9546","product","type-product","status-publish","has-post-thumbnail","hentry","product_cat-sredstva-za-ciscenje-sanitarija","product_cat-sredstva-za-odrzavanje-higijene"],"_links":{"self":[{"href":"https:\/\/iconcept.rs\/ekotrgovina\/wp-json\/wp\/v2\/product\/9546","targetHints":{"allow":["GET"]}}],"collection":[{"href":"https:\/\/iconcept.rs\/ekotrgovina\/wp-json\/wp\/v2\/product"}],"about":[{"href":"https:\/\/iconcept.rs\/ekotrgovina\/wp-json\/wp\/v2\/types\/product"}],"replies":[{"embeddable":true,"href":"https:\/\/iconcept.rs\/ekotrgovina\/wp-json\/wp\/v2\/comments?post=9546"}],"wp:featuredmedia":[{"embeddable":true,"href":"https:\/\/iconcept.rs\/ekotrgovina\/wp-json\/wp\/v2\/media\/9881"}],"wp:attachment":[{"href":"https:\/\/iconcept.rs\/ekotrgovina\/wp-json\/wp\/v2\/media?parent=9546"}],"wp:term":[{"taxonomy":"product_cat","embeddable":true,"href":"https:\/\/iconcept.rs\/ekotrgovina\/wp-json\/wp\/v2\/product_cat?post=9546"},{"taxonomy":"product_tag","embeddable":true,"href":"https:\/\/iconcept.rs\/ekotrgovina\/wp-json\/wp\/v2\/product_tag?post=9546"}],"curies":[{"name":"wp","href":"https:\/\/api.w.org\/{rel}","templated":true}]}}